{"id":20755,"date":"2021-01-19T21:00:04","date_gmt":"2021-01-19T20:00:04","guid":{"rendered":"https:\/\/staging.staging.multiplica.com\/?page_id=20755"},"modified":"2024-02-23T03:27:00","modified_gmt":"2024-02-23T02:27:00","slug":"politica-de-privacidad-3","status":"publish","type":"page","link":"https:\/\/staging.multiplica.com\/en\/politica-de-privacidad-3\/","title":{"rendered":"Privacy Policy"},"content":{"rendered":"<div class=\"c-display-paragraph font-moderat-l-regular\"><div class=\"o-container\"><div class=\"o-row\"><div class=\"o-col-md-16 o-offset-md-3\">\n<p>Privacy Policy<\/p>\n<\/div><\/div><\/div><\/div>\n\n<div class=\"c-display-paragraph font-moderat-l-regular\"><div class=\"o-container\"><div class=\"o-row\"><div class=\"o-col-md-16 o-offset-md-3\">\n<p>Incorporaci\u00f3n de datos personales a los ficheros de Multiplica<\/p>\n<\/div><\/div><\/div><\/div>\n\n<div class=\"c-display-paragraph font-moderat-l-regular\"><div class=\"o-container\"><div class=\"o-row\"><div class=\"o-col-md-16 o-offset-md-3\">\n<p>De conformidad con lo establecido en la Ley Org\u00e1nica 15\/1999, de 13 de diciembre, de Protecci\u00f3n de Datos de Car\u00e1cter Personal (en adelante, \u201cLOPD\u201d), y el Reglamento General de Protecci\u00f3n de Datos, informa que todos los datos personales que el Usuario facilite a trav\u00e9s del Sitio Web ser\u00e1n incorporados y tratados en los ficheros titularidad de&nbsp;<strong>Multiplica Inside S.L<\/strong>. con el fin de poder prestarle los servicios solicitados, as\u00ed como para mantenerle informado, incluso por medios electr\u00f3nicos, sobre los productos y servicios ofrecidos por staging.staging.multiplica.com.<\/p>\n<\/div><\/div><\/div><\/div>\n\n<div class=\"c-display-paragraph font-moderat-l-regular\"><div class=\"o-container\"><div class=\"o-row\"><div class=\"o-col-md-16 o-offset-md-3\">\n<p>La cumplimentaci\u00f3n de todos los datos solicitados a trav\u00e9s del Sitio Web es necesaria para lograr una \u00f3ptima prestaci\u00f3n de los servicios puestos a disposici\u00f3n del Usuario. De no facilitarse todos los datos, staging.staging.multiplica.com no garantiza que la informaci\u00f3n y servicios facilitados puedan prestarse, se presten correctamente o se ajusten a las necesidades del Usuario.<br>Ejercicio de derechos<\/p>\n<\/div><\/div><\/div><\/div>\n\n<div class=\"c-display-paragraph font-moderat-l-regular\"><div class=\"o-container\"><div class=\"o-row\"><div class=\"o-col-md-16 o-offset-md-3\">\n<p>La finalidad ser\u00e1 mantener al usuario informado sobre novedades de Multiplica. La legitimaci\u00f3n es su consentimiento y sus datos ser\u00e1n guardados en Multiplica Inside S.L. que est\u00e1 acogido al acuerdo de seguridad EU \u2013 US Privacy. En cualquier momento se podr\u00e1 acceder, rectificar y suprimir los datos que el usuario ha ofrecido.<br>El Usuario puede ejercer sus derechos de acceso, rectificaci\u00f3n, cancelaci\u00f3n y oposici\u00f3n previstos en la LOPD, mediante una comunicaci\u00f3n escrita dirigida a P\u00e7. Tirant lo Blanc 7-8 bajos 08005 Barcelona, Espa\u00f1a; o bien mediante correo electr\u00f3nico dirigido a&nbsp;<a href=\"mailto:barcelona@staging.staging.multiplica.com\">barcelona@staging.staging.multiplica.com<\/a>. En ambos casos el Usuario interesado deber\u00e1 acompa\u00f1ar una copia de su documento nacional de identidad, pasaporte u otro documento v\u00e1lido que lo identifique.<\/p>\n<\/div><\/div><\/div><\/div>","protected":false},"excerpt":{"rendered":"<p>Privacy Policy Incorporaci\u00f3n de datos personales a los ficheros de Multiplica De conformidad con lo establecido en la Ley Org\u00e1nica\u2026<\/p>\n","protected":false},"author":1,"featured_media":0,"parent":0,"menu_order":0,"comment_status":"closed","ping_status":"closed","template":"","meta":{"_acf_changed":false,"inline_featured_image":false,"footnotes":""},"class_list":["post-20755","page","type-page","status-publish","hentry"],"acf":{"pages_generic_module_title":"","pages_generic_module_subtitle":"","pages_generic_module_intro":"","pages_generic_module_show":false},"yoast_head":"<!-- This site is optimized with the Yoast SEO plugin v22.1 - https:\/\/yoast.com\/wordpress\/plugins\/seo\/ -->\n<title>Privacy Policy - Multiplica<\/title>\n<meta name=\"robots\" content=\"noindex, follow, max-snippet:-1, max-image-preview:large, max-video-preview:-1\" \/>\n<meta property=\"og:locale\" content=\"es_ES\" \/>\n<meta property=\"og:type\" content=\"article\" \/>\n<meta property=\"og:title\" content=\"Privacy Policy - Multiplica\" \/>\n<meta property=\"og:description\" content=\"Privacy Policy Incorporaci\u00f3n de datos personales a los ficheros de Multiplica De conformidad con lo establecido en la Ley Org\u00e1nica\u2026\" \/>\n<meta property=\"og:url\" content=\"https:\/\/staging.multiplica.com\/en\/politica-de-privacidad-3\/\" \/>\n<meta property=\"og:site_name\" content=\"Multiplica\" \/>\n<meta property=\"article:modified_time\" content=\"2024-02-23T02:27:00+00:00\" \/>\n<meta name=\"twitter:card\" content=\"summary_large_image\" \/>\n<meta name=\"twitter:label1\" content=\"Est. reading time\" \/>\n\t<meta name=\"twitter:data1\" content=\"2 minutos\" \/>\n<script type=\"application\/ld+json\" class=\"yoast-schema-graph\">{\"@context\":\"https:\/\/schema.org\",\"@graph\":[{\"@type\":\"WebPage\",\"@id\":\"https:\/\/staging.multiplica.com\/en\/politica-de-privacidad-3\/\",\"url\":\"https:\/\/staging.multiplica.com\/en\/politica-de-privacidad-3\/\",\"name\":\"Privacy Policy - Multiplica\",\"isPartOf\":{\"@id\":\"https:\/\/staging.multiplica.com\/en\/#website\"},\"datePublished\":\"2021-01-19T20:00:04+00:00\",\"dateModified\":\"2024-02-23T02:27:00+00:00\",\"breadcrumb\":{\"@id\":\"https:\/\/staging.multiplica.com\/en\/politica-de-privacidad-3\/#breadcrumb\"},\"inLanguage\":\"es\",\"potentialAction\":[{\"@type\":\"ReadAction\",\"target\":[\"https:\/\/staging.multiplica.com\/en\/politica-de-privacidad-3\/\"]}]},{\"@type\":\"BreadcrumbList\",\"@id\":\"https:\/\/staging.multiplica.com\/en\/politica-de-privacidad-3\/#breadcrumb\",\"itemListElement\":[{\"@type\":\"ListItem\",\"position\":1,\"name\":\"Portada\",\"item\":\"https:\/\/staging.multiplica.com\/en\/\"},{\"@type\":\"ListItem\",\"position\":2,\"name\":\"Privacy Policy\"}]},{\"@type\":\"WebSite\",\"@id\":\"https:\/\/staging.multiplica.com\/en\/#website\",\"url\":\"https:\/\/staging.multiplica.com\/en\/\",\"name\":\"Multiplica\",\"description\":\"\",\"potentialAction\":[{\"@type\":\"SearchAction\",\"target\":{\"@type\":\"EntryPoint\",\"urlTemplate\":\"https:\/\/staging.multiplica.com\/en\/?s={search_term_string}\"},\"query-input\":\"required name=search_term_string\"}],\"inLanguage\":\"es\"}]}<\/script>\n<!-- \/ Yoast SEO plugin. -->","yoast_head_json":{"title":"Privacy Policy - Multiplica","robots":{"index":"noindex","follow":"follow","max-snippet":"max-snippet:-1","max-image-preview":"max-image-preview:large","max-video-preview":"max-video-preview:-1"},"og_locale":"es_ES","og_type":"article","og_title":"Privacy Policy - Multiplica","og_description":"Privacy Policy Incorporaci\u00f3n de datos personales a los ficheros de Multiplica De conformidad con lo establecido en la Ley Org\u00e1nica\u2026","og_url":"https:\/\/staging.multiplica.com\/en\/politica-de-privacidad-3\/","og_site_name":"Multiplica","article_modified_time":"2024-02-23T02:27:00+00:00","twitter_card":"summary_large_image","twitter_misc":{"Est. reading time":"2 minutos"},"schema":{"@context":"https:\/\/schema.org","@graph":[{"@type":"WebPage","@id":"https:\/\/staging.multiplica.com\/en\/politica-de-privacidad-3\/","url":"https:\/\/staging.multiplica.com\/en\/politica-de-privacidad-3\/","name":"Privacy Policy - Multiplica","isPartOf":{"@id":"https:\/\/staging.multiplica.com\/en\/#website"},"datePublished":"2021-01-19T20:00:04+00:00","dateModified":"2024-02-23T02:27:00+00:00","breadcrumb":{"@id":"https:\/\/staging.multiplica.com\/en\/politica-de-privacidad-3\/#breadcrumb"},"inLanguage":"es","potentialAction":[{"@type":"ReadAction","target":["https:\/\/staging.multiplica.com\/en\/politica-de-privacidad-3\/"]}]},{"@type":"BreadcrumbList","@id":"https:\/\/staging.multiplica.com\/en\/politica-de-privacidad-3\/#breadcrumb","itemListElement":[{"@type":"ListItem","position":1,"name":"Portada","item":"https:\/\/staging.multiplica.com\/en\/"},{"@type":"ListItem","position":2,"name":"Privacy Policy"}]},{"@type":"WebSite","@id":"https:\/\/staging.multiplica.com\/en\/#website","url":"https:\/\/staging.multiplica.com\/en\/","name":"Multiplica","description":"","potentialAction":[{"@type":"SearchAction","target":{"@type":"EntryPoint","urlTemplate":"https:\/\/staging.multiplica.com\/en\/?s={search_term_string}"},"query-input":"required name=search_term_string"}],"inLanguage":"es"}]}},"_links":{"self":[{"href":"https:\/\/staging.multiplica.com\/en\/wp-json\/wp\/v2\/pages\/20755","targetHints":{"allow":["GET"]}}],"collection":[{"href":"https:\/\/staging.multiplica.com\/en\/wp-json\/wp\/v2\/pages"}],"about":[{"href":"https:\/\/staging.multiplica.com\/en\/wp-json\/wp\/v2\/types\/page"}],"author":[{"embeddable":true,"href":"https:\/\/staging.multiplica.com\/en\/wp-json\/wp\/v2\/users\/1"}],"replies":[{"embeddable":true,"href":"https:\/\/staging.multiplica.com\/en\/wp-json\/wp\/v2\/comments?post=20755"}],"version-history":[{"count":1,"href":"https:\/\/staging.multiplica.com\/en\/wp-json\/wp\/v2\/pages\/20755\/revisions"}],"predecessor-version":[{"id":38590,"href":"https:\/\/staging.multiplica.com\/en\/wp-json\/wp\/v2\/pages\/20755\/revisions\/38590"}],"wp:attachment":[{"href":"https:\/\/staging.multiplica.com\/en\/wp-json\/wp\/v2\/media?parent=20755"}],"curies":[{"name":"wp","href":"https:\/\/api.w.org\/{rel}","templated":true}]}}